{"id":6,"date":"2026-05-08T11:48:59","date_gmt":"2026-05-08T11:48:59","guid":{"rendered":"https:\/\/codex.audytseo.eu\/?page_id=6"},"modified":"2026-05-08T12:11:18","modified_gmt":"2026-05-08T12:11:18","slug":"strona-glowna-gutenberg","status":"publish","type":"page","link":"https:\/\/codex.audytseo.eu\/","title":{"rendered":"Strona g\u0142\u00f3wna Divi"},"content":{"rendered":"<p>[et_pb_section fb_built=&#8221;1&#8243; admin_label=&#8221;Nawigacja&#8221; module_class=&#8221;kosiarki-divi-nav&#8221; _builder_version=&#8221;4.27&#8243; background_color=&#8221;rgba(245,246,241,0.88)&#8221; custom_padding=&#8221;0px||0px||false|false&#8221; global_colors_info=&#8221;{}&#8221;]<br \/>\n[et_pb_row _builder_version=&#8221;4.27&#8243; width=&#8221;100%&#8221; custom_padding=&#8221;0px||0px||false|false&#8221; global_colors_info=&#8221;{}&#8221;]<br \/>\n[et_pb_column type=&#8221;1_3&#8243; _builder_version=&#8221;4.27&#8243; global_colors_info=&#8221;{}&#8221;]<br \/>\n[et_pb_text _builder_version=&#8221;4.27&#8243; text_text_color=&#8221;#1d2421&#8243; global_colors_info=&#8221;{}&#8221;]<\/p>\n<p><strong>Kosiarki Pro<\/strong><\/p>\n<p>[\/et_pb_text]<br \/>\n[\/et_pb_column]<br \/>\n[et_pb_column type=&#8221;1_3&#8243; _builder_version=&#8221;4.27&#8243; global_colors_info=&#8221;{}&#8221;]<br \/>\n[et_pb_text _builder_version=&#8221;4.27&#8243; text_orientation=&#8221;center&#8221; global_colors_info=&#8221;{}&#8221;]<\/p>\n<p><a href=\"#zalety\">Zalety<\/a> &nbsp; <a href=\"#dobor\">Dob\u00f3r<\/a> &nbsp; <a href=\"#serwis\">Serwis<\/a><\/p>\n<p>[\/et_pb_text]<br \/>\n[\/et_pb_column]<br \/>\n[et_pb_column type=&#8221;1_3&#8243; _builder_version=&#8221;4.27&#8243; global_colors_info=&#8221;{}&#8221;]<br \/>\n[et_pb_button button_url=&#8221;#kontakt&#8221; button_text=&#8221;Zapytaj o ofert\u0119&#8221; _builder_version=&#8221;4.27&#8243; custom_button=&#8221;on&#8221; button_text_color=&#8221;#ffffff&#8221; button_bg_color=&#8221;#234236&#8243; button_border_width=&#8221;0px&#8221; button_border_radius=&#8221;8px&#8221; button_alignment=&#8221;right&#8221; global_colors_info=&#8221;{}&#8221;][\/et_pb_button]<br \/>\n[\/et_pb_column]<br \/>\n[\/et_pb_row]<br \/>\n[\/et_pb_section]<br \/>\n[et_pb_section fb_built=&#8221;1&#8243; admin_label=&#8221;Hero&#8221; module_class=&#8221;kosiarki-hero&#8221; _builder_version=&#8221;4.27&#8243; background_image=&#8221;https:\/\/codex.audytseo.eu\/wp-content\/themes\/kosiarki-pro\/assets\/hero-kosiarka-spalinowa.png&#8221; background_color=&#8221;rgba(18,25,22,0.58)&#8221; background_blend=&#8221;multiply&#8221; custom_padding=&#8221;150px||95px||false|false&#8221; global_colors_info=&#8221;{}&#8221;]<br \/>\n[et_pb_row _builder_version=&#8221;4.27&#8243; width=&#8221;86%&#8221; max_width=&#8221;1180px&#8221; global_colors_info=&#8221;{}&#8221;]<br \/>\n[et_pb_column type=&#8221;4_4&#8243; _builder_version=&#8221;4.27&#8243; global_colors_info=&#8221;{}&#8221;]<br \/>\n[et_pb_text _builder_version=&#8221;4.27&#8243; text_text_color=&#8221;rgba(255,255,255,0.88)&#8221; text_font_size=&#8221;20px&#8221; header_font=&#8221;Newsreader||||||||&#8221; header_text_color=&#8221;#ffffff&#8221; header_font_size=&#8221;72px&#8221; header_line_height=&#8221;0.98em&#8221; global_colors_info=&#8221;{}&#8221;]<\/p>\n<p style=\"color:#bed7af;text-transform:uppercase;font-weight:800;letter-spacing:.08em;font-size:13px;\">Moc, precyzja i sezon bez przestoj\u00f3w<\/p>\n<h1>Kosiarki spalinowe do ogrod\u00f3w, kt\u00f3re maj\u0105 wygl\u0105da\u0107 \u015bwietnie przez ca\u0142y sezon<\/h1>\n<p>Wybierz sprz\u0119t, kt\u00f3ry daje swobod\u0119 pracy bez kabla, stabiln\u0105 moc na g\u0119stej trawie i efekt r\u00f3wnego, zdrowego trawnika po ka\u017cdym koszeniu.<\/p>\n<p>[\/et_pb_text]<br \/>\n[et_pb_button button_url=&#8221;#dobor&#8221; button_text=&#8221;Dobierz model&#8221; _builder_version=&#8221;4.27&#8243; custom_button=&#8221;on&#8221; button_text_color=&#8221;#102019&#8243; button_bg_color=&#8221;#7ea06f&#8221; button_border_width=&#8221;0px&#8221; button_border_radius=&#8221;8px&#8221; button_font=&#8221;||||||||&#8221; global_colors_info=&#8221;{}&#8221;][\/et_pb_button]<br \/>\n[et_pb_button button_url=&#8221;#tekst&#8221; button_text=&#8221;Poznaj ofert\u0119&#8221; _builder_version=&#8221;4.27&#8243; custom_button=&#8221;on&#8221; button_text_color=&#8221;#ffffff&#8221; button_bg_color=&#8221;rgba(255,255,255,0.14)&#8221; button_border_color=&#8221;rgba(255,255,255,0.42)&#8221; button_border_radius=&#8221;8px&#8221; custom_margin=&#8221;||0px|12px|false|false&#8221; global_colors_info=&#8221;{}&#8221;][\/et_pb_button]<br \/>\n[et_pb_text module_class=&#8221;kosiarki-hero-panel&#8221; _builder_version=&#8221;4.27&#8243; global_colors_info=&#8221;{}&#8221;]<\/p>\n<p><strong>Do 2500 m\u00b2<\/strong><span>wygodnej pracy na wi\u0119kszych ogrodach<\/span><\/p>\n<p><strong>4 tryby<\/strong><span>koszenie, zbi\u00f3r, wyrzut i mulczowanie<\/span><\/p>\n<p>[\/et_pb_text]<br \/>\n[\/et_pb_column]<br \/>\n[\/et_pb_row]<br \/>\n[\/et_pb_section]<\/p>\n<p>[et_pb_section fb_built=&#8221;1&#8243; admin_label=&#8221;Wyr\u00f3\u017cniki&#8221; module_class=&#8221;kosiarki-intro&#8221; _builder_version=&#8221;4.27&#8243; background_color=&#8221;#234236&#8243; custom_padding=&#8221;0px||0px||false|false&#8221; global_colors_info=&#8221;{}&#8221;]<br \/>\n[et_pb_row _builder_version=&#8221;4.27&#8243; width=&#8221;86%&#8221; max_width=&#8221;1180px&#8221; custom_padding=&#8221;0px||0px||false|false&#8221; global_colors_info=&#8221;{}&#8221;]<br \/>\n[et_pb_column type=&#8221;1_3&#8243; _builder_version=&#8221;4.27&#8243; background_color=&#8221;rgba(255,255,255,0.06)&#8221; custom_padding=&#8221;24px|24px|24px|24px|true|true&#8221; global_colors_info=&#8221;{}&#8221;]<br \/>\n[et_pb_text _builder_version=&#8221;4.27&#8243; text_text_color=&#8221;#ffffff&#8221; global_colors_info=&#8221;{}&#8221;]<\/p>\n<p><span style=\"color:#a9c99b;font-weight:800;\">01<\/span><br \/><strong>Nap\u0119d dopasowany do tempa<\/strong><\/p>\n<p>[\/et_pb_text]<br \/>\n[\/et_pb_column]<br \/>\n[et_pb_column type=&#8221;1_3&#8243; _builder_version=&#8221;4.27&#8243; background_color=&#8221;rgba(255,255,255,0.06)&#8221; custom_padding=&#8221;24px|24px|24px|24px|true|true&#8221; global_colors_info=&#8221;{}&#8221;]<br \/>\n[et_pb_text _builder_version=&#8221;4.27&#8243; text_text_color=&#8221;#ffffff&#8221; global_colors_info=&#8221;{}&#8221;]<\/p>\n<p><span style=\"color:#a9c99b;font-weight:800;\">02<\/span><br \/><strong>Stalowe lub hybrydowe korpusy<\/strong><\/p>\n<p>[\/et_pb_text]<br \/>\n[\/et_pb_column]<br \/>\n[et_pb_column type=&#8221;1_3&#8243; _builder_version=&#8221;4.27&#8243; background_color=&#8221;rgba(255,255,255,0.06)&#8221; custom_padding=&#8221;24px|24px|24px|24px|true|true&#8221; global_colors_info=&#8221;{}&#8221;]<br \/>\n[et_pb_text _builder_version=&#8221;4.27&#8243; text_text_color=&#8221;#ffffff&#8221; global_colors_info=&#8221;{}&#8221;]<\/p>\n<p><span style=\"color:#a9c99b;font-weight:800;\">03<\/span><br \/><strong>Wysoko\u015b\u0107 ci\u0119cia regulowana jednym ruchem<\/strong><\/p>\n<p>[\/et_pb_text]<br \/>\n[\/et_pb_column]<br \/>\n[\/et_pb_row]<br \/>\n[\/et_pb_section]<\/p>\n<p>[et_pb_section fb_built=&#8221;1&#8243; admin_label=&#8221;Zalety&#8221; _builder_version=&#8221;4.27&#8243; background_color=&#8221;#f5f6f1&#8243; custom_padding=&#8221;100px||100px||false|false&#8221; global_colors_info=&#8221;{}&#8221;]<br \/>\n[et_pb_row _builder_version=&#8221;4.27&#8243; width=&#8221;86%&#8221; max_width=&#8221;1180px&#8221; global_colors_info=&#8221;{}&#8221;]<br \/>\n[et_pb_column type=&#8221;1_3&#8243; _builder_version=&#8221;4.27&#8243; global_colors_info=&#8221;{}&#8221;]<br \/>\n[et_pb_text _builder_version=&#8221;4.27&#8243; text_text_color=&#8221;#55745c&#8221; global_colors_info=&#8221;{}&#8221;]<\/p>\n<p style=\"text-transform:uppercase;font-weight:800;letter-spacing:.08em;font-size:13px;\">Dlaczego spalinowa<\/p>\n<p>[\/et_pb_text]<br \/>\n[\/et_pb_column]<br \/>\n[et_pb_column type=&#8221;2_3&#8243; _builder_version=&#8221;4.27&#8243; global_colors_info=&#8221;{}&#8221;]<br \/>\n[et_pb_text _builder_version=&#8221;4.27&#8243; header_font=&#8221;Newsreader||||||||&#8221; header_text_color=&#8221;#234236&#8243; header_font_size=&#8221;58px&#8221; header_line_height=&#8221;1em&#8221; global_colors_info=&#8221;{}&#8221;]<\/p>\n<h2>Sprz\u0119t, kt\u00f3ry ma moc wtedy, gdy ogr\u00f3d naprawd\u0119 jej wymaga<\/h2>\n<p>[\/et_pb_text]<br \/>\n[\/et_pb_column]<br \/>\n[\/et_pb_row]<br \/>\n[et_pb_row _builder_version=&#8221;4.27&#8243; width=&#8221;86%&#8221; max_width=&#8221;1180px&#8221; global_colors_info=&#8221;{}&#8221;]<br \/>\n[et_pb_column type=&#8221;1_2&#8243; _builder_version=&#8221;4.27&#8243; global_colors_info=&#8221;{}&#8221;]<br \/>\n[et_pb_image src=&#8221;https:\/\/codex.audytseo.eu\/wp-content\/themes\/kosiarki-pro\/assets\/trawnik-po-koszeniu.png&#8221; alt=&#8221;Ogr\u00f3d z r\u00f3wnymi pasami po koszeniu kosiark\u0105 spalinow\u0105&#8221; title_text=&#8221;Ogr\u00f3d z r\u00f3wnymi pasami po koszeniu&#8221; _builder_version=&#8221;4.27&#8243; border_radii=&#8221;on|8px|8px|8px|8px&#8221; global_colors_info=&#8221;{}&#8221;][\/et_pb_image]<br \/>\n[et_pb_text _builder_version=&#8221;4.27&#8243; background_color=&#8221;#ffffff&#8221; custom_padding=&#8221;24px|24px|24px|24px|true|true&#8221; header_font=&#8221;Newsreader||||||||&#8221; header_text_color=&#8221;#234236&#8243; header_font_size=&#8221;28px&#8221; global_colors_info=&#8221;{}&#8221;]<\/p>\n<p style=\"color:#55745c;text-transform:uppercase;font-weight:800;letter-spacing:.08em;font-size:12px;\">Efekt<\/p>\n<h3>R\u00f3wna linia ci\u0119cia i trawnik, kt\u00f3ry wygl\u0105da jak po ekipie ogrodniczej<\/h3>\n<p>[\/et_pb_text]<br \/>\n[\/et_pb_column]<br \/>\n[et_pb_column type=&#8221;1_2&#8243; _builder_version=&#8221;4.27&#8243; global_colors_info=&#8221;{}&#8221;]<br \/>\n[et_pb_text _builder_version=&#8221;4.27&#8243; background_color=&#8221;#e8ece3&#8243; custom_padding=&#8221;32px|32px|32px|32px|true|true&#8221; header_text_color=&#8221;#234236&#8243; global_colors_info=&#8221;{}&#8221;]<\/p>\n<h3>Pojemne kosze<\/h3>\n<p>Mniej przerw na opr\u00f3\u017cnianie i p\u0142ynniejsza praca przy sezonowym koszeniu.<\/p>\n<p>[\/et_pb_text]<br \/>\n[et_pb_text _builder_version=&#8221;4.27&#8243; background_color=&#8221;#1d2421&#8243; text_text_color=&#8221;rgba(255,255,255,0.74)&#8221; custom_padding=&#8221;32px|32px|32px|32px|true|true&#8221; header_text_color=&#8221;#ffffff&#8221; global_colors_info=&#8221;{}&#8221;]<\/p>\n<h3>Elastyczne tryby pracy<\/h3>\n<p>Zbieraj, mulczuj albo wyrzucaj traw\u0119 zale\u017cnie od pogody, wysoko\u015bci \u017ad\u017ab\u0142a i planu piel\u0119gnacji.<\/p>\n<p>[\/et_pb_text]<br \/>\n[et_pb_image src=&#8221;https:\/\/codex.audytseo.eu\/wp-content\/themes\/kosiarki-pro\/assets\/detal-silnika.png&#8221; alt=&#8221;Detal silnika i obudowy kosiarki spalinowej&#8221; title_text=&#8221;Detal silnika&#8221; _builder_version=&#8221;4.27&#8243; border_radii=&#8221;on|8px|8px|8px|8px&#8221; global_colors_info=&#8221;{}&#8221;][\/et_pb_image]<br \/>\n[\/et_pb_column]<br \/>\n[\/et_pb_row]<br \/>\n[\/et_pb_section]<\/p>\n<p>[et_pb_section fb_built=&#8221;1&#8243; admin_label=&#8221;Oferta&#8221; module_id=&#8221;tekst&#8221; _builder_version=&#8221;4.27&#8243; background_color=&#8221;#f5f6f1&#8243; custom_padding=&#8221;100px||100px||false|false&#8221; global_colors_info=&#8221;{}&#8221;]<br \/>\n[et_pb_row _builder_version=&#8221;4.27&#8243; width=&#8221;86%&#8221; max_width=&#8221;1180px&#8221; global_colors_info=&#8221;{}&#8221;]<br \/>\n[et_pb_column type=&#8221;1_3&#8243; _builder_version=&#8221;4.27&#8243; global_colors_info=&#8221;{}&#8221;]<br \/>\n[et_pb_text _builder_version=&#8221;4.27&#8243; header_font=&#8221;Newsreader||||||||&#8221; header_text_color=&#8221;#234236&#8243; header_font_size=&#8221;48px&#8221; global_colors_info=&#8221;{}&#8221;]<\/p>\n<p style=\"color:#55745c;text-transform:uppercase;font-weight:800;letter-spacing:.08em;font-size:13px;\">Oferta g\u0142\u00f3wna<\/p>\n<h2>Kosiarka, kt\u00f3ra pracuje razem z Tob\u0105, a nie przeciwko Tobie<\/h2>\n<p>Ten tekst edytujesz teraz jako modu\u0142 tekstowy Divi.<\/p>\n<p>[\/et_pb_text]<br \/>\n[\/et_pb_column]<br \/>\n[et_pb_column type=&#8221;2_3&#8243; _builder_version=&#8221;4.27&#8243; global_colors_info=&#8221;{}&#8221;]<br \/>\n[et_pb_text _builder_version=&#8221;4.27&#8243; text_font_size=&#8221;17px&#8221; text_line_height=&#8221;1.75em&#8221; text_text_color=&#8221;#36413b&#8221; global_colors_info=&#8221;{}&#8221;]<\/p>\n<p>Kiedy ogr\u00f3d zaczyna rosn\u0105\u0107 po pierwszych ciep\u0142ych tygodniach, liczy si\u0119 sprz\u0119t, kt\u00f3ry nie pyta, czy trawa jest wilgotna, wysoka albo wyj\u0105tkowo g\u0119sta. Dobra kosiarka spalinowa daje poczucie kontroli od pierwszego poci\u0105gni\u0119cia rozrusznika: wje\u017cd\u017casz na trawnik, ustawiasz wysoko\u015b\u0107 ci\u0119cia, wybierasz tempo i po prostu robisz swoje.<\/p>\n<p>Nasze kosiarki spalinowe powsta\u0142y z my\u015bl\u0105 o ogrodach, kt\u00f3re \u017cyj\u0105 naprawd\u0119. Stabilny silnik, wytrzyma\u0142a obudowa i przemy\u015blana geometria no\u017ca pomagaj\u0105 uzyska\u0107 czyste, r\u00f3wne ci\u0119cie tak\u017ce wtedy, gdy warunki nie s\u0105 idealne.<\/p>\n<p>W praktyce najwa\u017cniejsza jest wygoda. Ergonomiczne uchwyty, intuicyjna regulacja wysoko\u015bci i nap\u0119d odci\u0105\u017caj\u0105 ramiona na wi\u0119kszych powierzchniach. Pojemny kosz ogranicza liczb\u0119 postoj\u00f3w, a tryb mulczowania pomaga piel\u0119gnowa\u0107 trawnik naturalnie.<\/p>\n<p>Kosiarka spalinowa to inwestycja na wiele sezon\u00f3w, dlatego dob\u00f3r modelu nie powinien by\u0107 przypadkowy. Pomagamy dobra\u0107 sprz\u0119t do metra\u017cu, ukszta\u0142towania terenu, cz\u0119stotliwo\u015bci koszenia i sposobu prowadzenia ogrodu.<\/p>\n<p>[\/et_pb_text]<br \/>\n[\/et_pb_column]<br \/>\n[\/et_pb_row]<br \/>\n[\/et_pb_section]<\/p>\n<p>[et_pb_section fb_built=&#8221;1&#8243; admin_label=&#8221;Dob\u00f3r modelu&#8221; module_id=&#8221;dobor&#8221; _builder_version=&#8221;4.27&#8243; background_color=&#8221;#e2e7dd&#8221; custom_padding=&#8221;100px||100px||false|false&#8221; global_colors_info=&#8221;{}&#8221;]<br \/>\n[et_pb_row _builder_version=&#8221;4.27&#8243; width=&#8221;86%&#8221; max_width=&#8221;1180px&#8221; global_colors_info=&#8221;{}&#8221;]<br \/>\n[et_pb_column type=&#8221;1_2&#8243; _builder_version=&#8221;4.27&#8243; global_colors_info=&#8221;{}&#8221;]<br \/>\n[et_pb_text _builder_version=&#8221;4.27&#8243; header_font=&#8221;Newsreader||||||||&#8221; header_text_color=&#8221;#234236&#8243; header_font_size=&#8221;54px&#8221; global_colors_info=&#8221;{}&#8221;]<\/p>\n<p style=\"color:#55745c;text-transform:uppercase;font-weight:800;letter-spacing:.08em;font-size:13px;\">Dob\u00f3r modelu<\/p>\n<h2>Sprawd\u017a, jaki typ kosiarki pasuje do Twojego ogrodu<\/h2>\n<p>Opisz metra\u017c i warunki pracy, a dobierzemy klas\u0119 sprz\u0119tu, kt\u00f3ra zwykle daje najlepszy balans wygody, mocy i ceny.<\/p>\n<p>[\/et_pb_text]<br \/>\n[\/et_pb_column]<br \/>\n[et_pb_column type=&#8221;1_2&#8243; _builder_version=&#8221;4.27&#8243; background_color=&#8221;#1d2421&#8243; custom_padding=&#8221;0px|0px|24px|0px|true|true&#8221; global_colors_info=&#8221;{}&#8221;]<br \/>\n[et_pb_image src=&#8221;https:\/\/codex.audytseo.eu\/wp-content\/themes\/kosiarki-pro\/assets\/wybor-modeli.png&#8221; alt=&#8221;Trzy modele kosiarek spalinowych w ogrodowej ekspozycji&#8221; title_text=&#8221;Wyb\u00f3r modeli&#8221; _builder_version=&#8221;4.27&#8243; global_colors_info=&#8221;{}&#8221;][\/et_pb_image]<br \/>\n[et_pb_text _builder_version=&#8221;4.27&#8243; text_text_color=&#8221;rgba(255,255,255,0.75)&#8221; custom_padding=&#8221;24px|24px|0px|24px|true|true&#8221; header_text_color=&#8221;#ffffff&#8221; global_colors_info=&#8221;{}&#8221;]<\/p>\n<p style=\"color:#b9d8a9;text-transform:uppercase;font-weight:800;letter-spacing:.08em;font-size:12px;\">Rekomendacja<\/p>\n<h3>Model z nap\u0119dem i koszem 60 l<\/h3>\n<p>Dla \u015brednich i wi\u0119kszych ogrod\u00f3w najlepiej sprawdzi si\u0119 kosiarka o szeroko\u015bci roboczej oko\u0142o 46-51 cm, z nap\u0119dem i opcj\u0105 mulczowania.<\/p>\n<p>[\/et_pb_text]<br \/>\n[\/et_pb_column]<br \/>\n[\/et_pb_row]<br \/>\n[\/et_pb_section]<\/p>\n<p>[et_pb_section fb_built=&#8221;1&#8243; admin_label=&#8221;Serwis&#8221; module_id=&#8221;serwis&#8221; _builder_version=&#8221;4.27&#8243; background_color=&#8221;#f5f6f1&#8243; custom_padding=&#8221;100px||100px||false|false&#8221; global_colors_info=&#8221;{}&#8221;]<br \/>\n[et_pb_row _builder_version=&#8221;4.27&#8243; width=&#8221;86%&#8221; max_width=&#8221;1180px&#8221; global_colors_info=&#8221;{}&#8221;]<br \/>\n[et_pb_column type=&#8221;1_2&#8243; _builder_version=&#8221;4.27&#8243; global_colors_info=&#8221;{}&#8221;]<br \/>\n[et_pb_image src=&#8221;https:\/\/codex.audytseo.eu\/wp-content\/themes\/kosiarki-pro\/assets\/serwis-kosiarki.png&#8221; alt=&#8221;Akcesoria do serwisowania kosiarki spalinowej&#8221; title_text=&#8221;Serwis kosiarki&#8221; _builder_version=&#8221;4.27&#8243; border_radii=&#8221;on|8px|8px|8px|8px&#8221; global_colors_info=&#8221;{}&#8221;][\/et_pb_image]<br \/>\n[\/et_pb_column]<br \/>\n[et_pb_column type=&#8221;1_2&#8243; _builder_version=&#8221;4.27&#8243; global_colors_info=&#8221;{}&#8221;]<br \/>\n[et_pb_text _builder_version=&#8221;4.27&#8243; header_font=&#8221;Newsreader||||||||&#8221; header_text_color=&#8221;#234236&#8243; header_font_size=&#8221;52px&#8221; global_colors_info=&#8221;{}&#8221;]<\/p>\n<p style=\"color:#55745c;text-transform:uppercase;font-weight:800;letter-spacing:.08em;font-size:13px;\">Serwis i sezon<\/p>\n<h2>Dobry start wiosn\u0105, spokojna praca latem i bezpieczne zimowanie<\/h2>\n<p>Przy zakupie podpowiadamy, jak dba\u0107 o \u015bwiec\u0119, filtr, n\u00f3\u017c, olej i uk\u0142ad tn\u0105cy. Prosta obs\u0142uga sezonowa przed\u0142u\u017ca \u017cywotno\u015b\u0107 silnika i poprawia jako\u015b\u0107 ci\u0119cia.<\/p>\n<ul>\n<li>Przegl\u0105d przed pierwszym koszeniem w sezonie<\/li>\n<li>Ostrzenie no\u017ca i kontrola wywa\u017cenia<\/li>\n<li>Dob\u00f3r oleju, \u015bwiecy i filtr\u00f3w eksploatacyjnych<\/li>\n<\/ul>\n<p>[\/et_pb_text]<br \/>\n[\/et_pb_column]<br \/>\n[\/et_pb_row]<br \/>\n[\/et_pb_section]<\/p>\n<p>[et_pb_section fb_built=&#8221;1&#8243; admin_label=&#8221;Kontakt&#8221; module_id=&#8221;kontakt&#8221; _builder_version=&#8221;4.27&#8243; background_color=&#8221;#234236&#8243; custom_padding=&#8221;90px||90px||false|false&#8221; global_colors_info=&#8221;{}&#8221;]<br \/>\n[et_pb_row _builder_version=&#8221;4.27&#8243; width=&#8221;86%&#8221; max_width=&#8221;1180px&#8221; global_colors_info=&#8221;{}&#8221;]<br \/>\n[et_pb_column type=&#8221;4_4&#8243; _builder_version=&#8221;4.27&#8243; global_colors_info=&#8221;{}&#8221;]<br \/>\n[et_pb_text _builder_version=&#8221;4.27&#8243; header_font=&#8221;Newsreader||||||||&#8221; header_text_color=&#8221;#ffffff&#8221; header_font_size=&#8221;56px&#8221; text_text_color=&#8221;#ffffff&#8221; global_colors_info=&#8221;{}&#8221;]<\/p>\n<p style=\"color:#bed7af;text-transform:uppercase;font-weight:800;letter-spacing:.08em;font-size:13px;\">Gotowy ogr\u00f3d zaczyna si\u0119 od dobrego wyboru<\/p>\n<h2>Porozmawiajmy o kosiarce, kt\u00f3ra pasuje do Twojego trawnika<\/h2>\n<p>[\/et_pb_text]<br \/>\n[et_pb_button button_url=&#8221;mailto:oferta@kosiarkipro.pl&#8221; button_text=&#8221;oferta@kosiarkipro.pl&#8221; _builder_version=&#8221;4.27&#8243; custom_button=&#8221;on&#8221; button_text_color=&#8221;#102019&#8243; button_bg_color=&#8221;#7ea06f&#8221; button_border_width=&#8221;0px&#8221; button_border_radius=&#8221;8px&#8221; global_colors_info=&#8221;{}&#8221;][\/et_pb_button]<br \/>\n[\/et_pb_column]<br \/>\n[\/et_pb_row]<br \/>\n[\/et_pb_section]<br \/>\n[et_pb_section fb_built=&#8221;1&#8243; admin_label=&#8221;Stopka&#8221; module_class=&#8221;kosiarki-divi-footer&#8221; _builder_version=&#8221;4.27&#8243; background_color=&#8221;#1d2421&#8243; custom_padding=&#8221;20px||20px||false|false&#8221; global_colors_info=&#8221;{}&#8221;]<br \/>\n[et_pb_row _builder_version=&#8221;4.27&#8243; width=&#8221;86%&#8221; max_width=&#8221;1180px&#8221; custom_padding=&#8221;0px||0px||false|false&#8221; global_colors_info=&#8221;{}&#8221;]<br \/>\n[et_pb_column type=&#8221;1_2&#8243; _builder_version=&#8221;4.27&#8243; global_colors_info=&#8221;{}&#8221;]<br \/>\n[et_pb_text _builder_version=&#8221;4.27&#8243; text_text_color=&#8221;rgba(255,255,255,0.72)&#8221; global_colors_info=&#8221;{}&#8221;]<\/p>\n<p>\u00a9 2026 Kosiarki Pro. Wszelkie prawa zastrze\u017cone.<\/p>\n<p>[\/et_pb_text]<br \/>\n[\/et_pb_column]<br \/>\n[et_pb_column type=&#8221;1_2&#8243; _builder_version=&#8221;4.27&#8243; global_colors_info=&#8221;{}&#8221;]<br \/>\n[et_pb_text _builder_version=&#8221;4.27&#8243; text_orientation=&#8221;right&#8221; text_text_color=&#8221;rgba(255,255,255,0.72)&#8221; global_colors_info=&#8221;{}&#8221;]<\/p>\n<p><a href=\"#main-content\">Powr\u00f3t na g\u00f3r\u0119<\/a><\/p>\n<p>[\/et_pb_text]<br \/>\n[\/et_pb_column]<br \/>\n[\/et_pb_row]<br \/>\n[\/et_pb_section]<\/p>\n","protected":false},"excerpt":{"rendered":"<p>[et_pb_section fb_built=&#8221;1&#8243; admin_label=&#8221;Nawigacja&#8221; module_class=&#8221;kosiarki-divi-nav&#8221; _builder_version=&#8221;4.27&#8243; background_color=&#8221;rgba(245,246,241,0.88)&#8221; custom_padding=&#8221;0px||0px||false|false&#8221; global_colors_info=&#8221;{}&#8221;] [et_pb_row _builder_version=&#8221;4.27&#8243; width=&#8221;100%&#8221; custom_padding=&#8221;0px||0px||false|false&#8221; global_colors_info=&#8221;{}&#8221;] [et_pb_column type=&#8221;1_3&#8243; _builder_version=&#8221;4.27&#8243; global_colors_info=&#8221;{}&#8221;] [et_pb_text _builder_version=&#8221;4.27&#8243; text_text_color=&#8221;#1d2421&#8243; global_colors_info=&#8221;{}&#8221;] Kosiarki Pro [\/et_pb_text] [\/et_pb_column] [et_pb_column type=&#8221;1_3&#8243; _builder_version=&#8221;4.27&#8243; global_colors_info=&#8221;{}&#8221;] [et_pb_text _builder_version=&#8221;4.27&#8243; text_orientation=&#8221;center&#8221; global_colors_info=&#8221;{}&#8221;] Zalety &nbsp; Dob\u00f3r &nbsp; Serwis [\/et_pb_text] [\/et_pb_column] [et_pb_column type=&#8221;1_3&#8243; _builder_version=&#8221;4.27&#8243; global_colors_info=&#8221;{}&#8221;] [et_pb_button button_url=&#8221;#kontakt&#8221; button_text=&#8221;Zapytaj o ofert\u0119&#8221; _builder_version=&#8221;4.27&#8243; custom_button=&#8221;on&#8221; button_text_color=&#8221;#ffffff&#8221; button_bg_color=&#8221;#234236&#8243; button_border_width=&#8221;0px&#8221; button_border_radius=&#8221;8px&#8221; [&hellip;]<\/p>\n","protected":false},"author":1,"featured_media":0,"parent":0,"menu_order":0,"comment_status":"closed","ping_status":"closed","template":"","meta":{"footnotes":""},"class_list":["post-6","page","type-page","status-publish","hentry"],"_links":{"self":[{"href":"https:\/\/codex.audytseo.eu\/index.php\/wp-json\/wp\/v2\/pages\/6","targetHints":{"allow":["GET"]}}],"collection":[{"href":"https:\/\/codex.audytseo.eu\/index.php\/wp-json\/wp\/v2\/pages"}],"about":[{"href":"https:\/\/codex.audytseo.eu\/index.php\/wp-json\/wp\/v2\/types\/page"}],"author":[{"embeddable":true,"href":"https:\/\/codex.audytseo.eu\/index.php\/wp-json\/wp\/v2\/users\/1"}],"replies":[{"embeddable":true,"href":"https:\/\/codex.audytseo.eu\/index.php\/wp-json\/wp\/v2\/comments?post=6"}],"version-history":[{"count":8,"href":"https:\/\/codex.audytseo.eu\/index.php\/wp-json\/wp\/v2\/pages\/6\/revisions"}],"predecessor-version":[{"id":16,"href":"https:\/\/codex.audytseo.eu\/index.php\/wp-json\/wp\/v2\/pages\/6\/revisions\/16"}],"wp:attachment":[{"href":"https:\/\/codex.audytseo.eu\/index.php\/wp-json\/wp\/v2\/media?parent=6"}],"curies":[{"name":"wp","href":"https:\/\/api.w.org\/{rel}","templated":true}]}}